{"id":17023,"date":"2021-09-13T08:29:49","date_gmt":"2021-09-13T13:29:49","guid":{"rendered":"https:\/\/cabanonetgarage.com\/checkout\/"},"modified":"2025-09-01T00:26:28","modified_gmt":"2025-09-01T05:26:28","slug":"checkout","status":"publish","type":"page","link":"http:\/\/cabanonetgarage.com\/en\/checkout\/","title":{"rendered":"Checkout"},"content":{"rendered":"\t\t<div data-elementor-type=\"wp-page\" data-elementor-id=\"17023\" class=\"elementor elementor-17023 elementor-478\" data-elementor-post-type=\"page\">\n\t\t\t\t\t\t<section class=\"elementor-section elementor-top-section elementor-element elementor-element-e3391e9 elementor-section-boxed elementor-section-height-default elementor-section-height-default\" data-id=\"e3391e9\" data-element_type=\"section\" data-settings=\"{&quot;jet_parallax_layout_list&quot;:[]}\">\n\t\t\t\t\t\t<div class=\"elementor-container elementor-column-gap-default\">\n\t\t\t\t\t<div class=\"elementor-column elementor-col-100 elementor-top-column elementor-element elementor-element-727016d8\" data-id=\"727016d8\" data-element_type=\"column\">\n\t\t\t<div class=\"elementor-widget-wrap elementor-element-populated\">\n\t\t\t\t\t\t<div class=\"elementor-element elementor-element-4dc3904 e-checkout-layout-two-column elementor-widget elementor-widget-woocommerce-checkout-page\" data-id=\"4dc3904\" data-element_type=\"widget\" data-widget_type=\"woocommerce-checkout-page.default\">\n\t\t\t\t<div class=\"elementor-widget-container\">\n\t\t\t\t\t<div class=\"woocommerce\"><div class=\"woocommerce-notices-wrapper\"><\/div><\/div>\t\t\t\t<\/div>\n\t\t\t\t<\/div>\n\t\t\t\t\t<\/div>\n\t\t<\/div>\n\t\t\t\t\t<\/div>\n\t\t<\/section>\n\t\t\t\t<\/div>\n\t\t","protected":false},"excerpt":{"rendered":"<p>Billing Information First Name&nbsp;* Last Name&nbsp;* Company Name&nbsp;(facultatif) Pays\/r\u00e9gion&nbsp;*Canada Num\u00e9ro et nom de rue&nbsp;* Appartement, suite, unit\u00e9, etc.&nbsp;(facultatif) Ville&nbsp;* R\u00e9gion\u00a0\/\u00a0D\u00e9partement&nbsp;*S\u00e9lectionner une option\u2026AlbertaBritish ColumbiaManitobaNew BrunswickNewfoundland and LabradorNorthwest TerritoriesNova ScotiaNunavutOntarioPrince Edward IslandQuebecSaskatchewanYukon Territory Code postal&nbsp;* Phone Number&nbsp;* Adresse e-mail&nbsp;* Delivery to another address? First Name&nbsp;* Last Name&nbsp;* Nom de l\u2019entreprise&nbsp;(facultatif) Pays\/r\u00e9gion&nbsp;*Canada Num\u00e9ro et nom de rue&nbsp;* Appartement, [&hellip;]<\/p>\n","protected":false},"author":2,"featured_media":0,"parent":0,"menu_order":0,"comment_status":"closed","ping_status":"closed","template":"","meta":{"_acf_changed":false,"footnotes":""},"class_list":["post-17023","page","type-page","status-publish","hentry"],"acf":[],"yoast_head":"<!-- This site is optimized with the Yoast SEO plugin v25.9 - https:\/\/yoast.com\/wordpress\/plugins\/seo\/ -->\n<title>Billing - Cabanons et garages Fontaine<\/title>\n<meta name=\"description\" content=\"At Cabanons Fontaine, we support you from finding the ideal shed or garage for your needs to invoicing.\" \/>\n<meta name=\"robots\" content=\"index, follow, max-snippet:-1, max-image-preview:large, max-video-preview:-1\" \/>\n<link rel=\"canonical\" href=\"http:\/\/cabanonetgarage.com\/en\/checkout\/\" \/>\n<meta property=\"og:locale\" content=\"en_US\" \/>\n<meta property=\"og:type\" content=\"article\" \/>\n<meta property=\"og:title\" content=\"Billing - Cabanons et garages Fontaine\" \/>\n<meta property=\"og:description\" content=\"At Cabanons Fontaine, we support you from finding the ideal shed or garage for your needs to invoicing.\" \/>\n<meta property=\"og:url\" content=\"http:\/\/cabanonetgarage.com\/en\/checkout\/\" \/>\n<meta property=\"og:site_name\" content=\"Cabanons et garages Fontaine\" \/>\n<meta property=\"article:modified_time\" content=\"2025-09-01T05:26:28+00:00\" \/>\n<meta property=\"og:image\" content=\"https:\/\/cabanonetgarage.com\/wp-content\/plugins\/woocommerce-square\/build\/images\/card-visa.svg\" \/>\n<meta name=\"twitter:card\" content=\"summary_large_image\" \/>\n<meta name=\"twitter:label1\" content=\"Est. reading time\" \/>\n\t<meta name=\"twitter:data1\" content=\"1 minute\" \/>\n<script type=\"application\/ld+json\" class=\"yoast-schema-graph\">{\"@context\":\"https:\/\/schema.org\",\"@graph\":[{\"@type\":\"WebPage\",\"@id\":\"http:\/\/cabanonetgarage.com\/en\/checkout\/\",\"url\":\"http:\/\/cabanonetgarage.com\/en\/checkout\/\",\"name\":\"Billing - Cabanons et garages Fontaine\",\"isPartOf\":{\"@id\":\"https:\/\/cabanonetgarage.com\/en\/#website\"},\"primaryImageOfPage\":{\"@id\":\"http:\/\/cabanonetgarage.com\/en\/checkout\/#primaryimage\"},\"image\":{\"@id\":\"http:\/\/cabanonetgarage.com\/en\/checkout\/#primaryimage\"},\"thumbnailUrl\":\"https:\/\/cabanonetgarage.com\/wp-content\/plugins\/woocommerce-square\/build\/images\/card-visa.svg\",\"datePublished\":\"2021-09-13T13:29:49+00:00\",\"dateModified\":\"2025-09-01T05:26:28+00:00\",\"description\":\"At Cabanons Fontaine, we support you from finding the ideal shed or garage for your needs to invoicing.\",\"breadcrumb\":{\"@id\":\"http:\/\/cabanonetgarage.com\/en\/checkout\/#breadcrumb\"},\"inLanguage\":\"en-US\",\"potentialAction\":[{\"@type\":\"ReadAction\",\"target\":[\"http:\/\/cabanonetgarage.com\/en\/checkout\/\"]}]},{\"@type\":\"ImageObject\",\"inLanguage\":\"en-US\",\"@id\":\"http:\/\/cabanonetgarage.com\/en\/checkout\/#primaryimage\",\"url\":\"https:\/\/cabanonetgarage.com\/wp-content\/plugins\/woocommerce-square\/build\/images\/card-visa.svg\",\"contentUrl\":\"https:\/\/cabanonetgarage.com\/wp-content\/plugins\/woocommerce-square\/build\/images\/card-visa.svg\"},{\"@type\":\"BreadcrumbList\",\"@id\":\"http:\/\/cabanonetgarage.com\/en\/checkout\/#breadcrumb\",\"itemListElement\":[{\"@type\":\"ListItem\",\"position\":1,\"name\":\"Home\",\"item\":\"https:\/\/cabanonetgarage.com\/\"},{\"@type\":\"ListItem\",\"position\":2,\"name\":\"Checkout\"}]},{\"@type\":\"WebSite\",\"@id\":\"https:\/\/cabanonetgarage.com\/en\/#website\",\"url\":\"https:\/\/cabanonetgarage.com\/en\/\",\"name\":\"Cabanons et garages Fontaine\",\"description\":\"\",\"potentialAction\":[{\"@type\":\"SearchAction\",\"target\":{\"@type\":\"EntryPoint\",\"urlTemplate\":\"https:\/\/cabanonetgarage.com\/en\/?s={search_term_string}\"},\"query-input\":{\"@type\":\"PropertyValueSpecification\",\"valueRequired\":true,\"valueName\":\"search_term_string\"}}],\"inLanguage\":\"en-US\"}]}<\/script>\n<!-- \/ Yoast SEO plugin. -->","yoast_head_json":{"title":"Billing - Cabanons et garages Fontaine","description":"At Cabanons Fontaine, we support you from finding the ideal shed or garage for your needs to invoicing.","robots":{"index":"index","follow":"follow","max-snippet":"max-snippet:-1","max-image-preview":"max-image-preview:large","max-video-preview":"max-video-preview:-1"},"canonical":"http:\/\/cabanonetgarage.com\/en\/checkout\/","og_locale":"en_US","og_type":"article","og_title":"Billing - Cabanons et garages Fontaine","og_description":"At Cabanons Fontaine, we support you from finding the ideal shed or garage for your needs to invoicing.","og_url":"http:\/\/cabanonetgarage.com\/en\/checkout\/","og_site_name":"Cabanons et garages Fontaine","article_modified_time":"2025-09-01T05:26:28+00:00","og_image":[{"url":"https:\/\/cabanonetgarage.com\/wp-content\/plugins\/woocommerce-square\/build\/images\/card-visa.svg","type":"","width":"","height":""}],"twitter_card":"summary_large_image","twitter_misc":{"Est. reading time":"1 minute"},"schema":{"@context":"https:\/\/schema.org","@graph":[{"@type":"WebPage","@id":"http:\/\/cabanonetgarage.com\/en\/checkout\/","url":"http:\/\/cabanonetgarage.com\/en\/checkout\/","name":"Billing - Cabanons et garages Fontaine","isPartOf":{"@id":"https:\/\/cabanonetgarage.com\/en\/#website"},"primaryImageOfPage":{"@id":"http:\/\/cabanonetgarage.com\/en\/checkout\/#primaryimage"},"image":{"@id":"http:\/\/cabanonetgarage.com\/en\/checkout\/#primaryimage"},"thumbnailUrl":"https:\/\/cabanonetgarage.com\/wp-content\/plugins\/woocommerce-square\/build\/images\/card-visa.svg","datePublished":"2021-09-13T13:29:49+00:00","dateModified":"2025-09-01T05:26:28+00:00","description":"At Cabanons Fontaine, we support you from finding the ideal shed or garage for your needs to invoicing.","breadcrumb":{"@id":"http:\/\/cabanonetgarage.com\/en\/checkout\/#breadcrumb"},"inLanguage":"en-US","potentialAction":[{"@type":"ReadAction","target":["http:\/\/cabanonetgarage.com\/en\/checkout\/"]}]},{"@type":"ImageObject","inLanguage":"en-US","@id":"http:\/\/cabanonetgarage.com\/en\/checkout\/#primaryimage","url":"https:\/\/cabanonetgarage.com\/wp-content\/plugins\/woocommerce-square\/build\/images\/card-visa.svg","contentUrl":"https:\/\/cabanonetgarage.com\/wp-content\/plugins\/woocommerce-square\/build\/images\/card-visa.svg"},{"@type":"BreadcrumbList","@id":"http:\/\/cabanonetgarage.com\/en\/checkout\/#breadcrumb","itemListElement":[{"@type":"ListItem","position":1,"name":"Home","item":"https:\/\/cabanonetgarage.com\/"},{"@type":"ListItem","position":2,"name":"Checkout"}]},{"@type":"WebSite","@id":"https:\/\/cabanonetgarage.com\/en\/#website","url":"https:\/\/cabanonetgarage.com\/en\/","name":"Cabanons et garages Fontaine","description":"","potentialAction":[{"@type":"SearchAction","target":{"@type":"EntryPoint","urlTemplate":"https:\/\/cabanonetgarage.com\/en\/?s={search_term_string}"},"query-input":{"@type":"PropertyValueSpecification","valueRequired":true,"valueName":"search_term_string"}}],"inLanguage":"en-US"}]}},"_links":{"self":[{"href":"https:\/\/cabanonetgarage.com\/en\/wp-json\/wp\/v2\/pages\/17023","targetHints":{"allow":["GET"]}}],"collection":[{"href":"https:\/\/cabanonetgarage.com\/en\/wp-json\/wp\/v2\/pages"}],"about":[{"href":"https:\/\/cabanonetgarage.com\/en\/wp-json\/wp\/v2\/types\/page"}],"author":[{"embeddable":true,"href":"https:\/\/cabanonetgarage.com\/en\/wp-json\/wp\/v2\/users\/2"}],"replies":[{"embeddable":true,"href":"https:\/\/cabanonetgarage.com\/en\/wp-json\/wp\/v2\/comments?post=17023"}],"version-history":[{"count":3,"href":"https:\/\/cabanonetgarage.com\/en\/wp-json\/wp\/v2\/pages\/17023\/revisions"}],"predecessor-version":[{"id":17026,"href":"https:\/\/cabanonetgarage.com\/en\/wp-json\/wp\/v2\/pages\/17023\/revisions\/17026"}],"wp:attachment":[{"href":"https:\/\/cabanonetgarage.com\/en\/wp-json\/wp\/v2\/media?parent=17023"}],"curies":[{"name":"wp","href":"https:\/\/api.w.org\/{rel}","templated":true}]}}